{"id":803,"date":"2015-05-19T20:44:35","date_gmt":"2015-05-19T19:44:35","guid":{"rendered":"https:\/\/www.ges.lu\/angebot\/"},"modified":"2015-05-19T20:44:35","modified_gmt":"2015-05-19T19:44:35","slug":"angebot","status":"publish","type":"page","link":"https:\/\/www.ges.lu\/de\/angebot\/","title":{"rendered":"Angebot"},"content":{"rendered":"<div class=\"page-top\">\n<p>Gerne erstellen wir Ihnen ein individuelles Angebot f\u00fcr die Verteilung von Werbung \u2013 sei es mit Display-System, durch Auslegen von Flyern, durch Plakate im Rahmen, Plakatierungen oder in anderer Form. Sprechen Sie uns an. Wir geben Ihren Werbekampagnen gerne die richtige Dynamik.<br \/>\nBitte verwenden Sie zur \u00dcbermittlung Ihrer Anfrage unser Formular.<\/p>\n<\/div>\n\n<div class=\"wpcf7 no-js\" id=\"wpcf7-f512-o1\" lang=\"fr-FR\" dir=\"ltr\" data-wpcf7-id=\"512\">\n<div class=\"screen-reader-response\"><p role=\"status\" aria-live=\"polite\" aria-atomic=\"true\"><\/p> <ul><\/ul><\/div>\n<form action=\"\/de\/wp-json\/wp\/v2\/pages\/803#wpcf7-f512-o1\" method=\"post\" class=\"wpcf7-form init\" aria-label=\"Formulaire de contact\" novalidate=\"novalidate\" data-status=\"init\">\n<fieldset class=\"hidden-fields-container\"><input type=\"hidden\" name=\"_wpcf7\" value=\"512\" \/><input type=\"hidden\" name=\"_wpcf7_version\" value=\"6.1.3\" \/><input type=\"hidden\" name=\"_wpcf7_locale\" value=\"fr_FR\" \/><input type=\"hidden\" name=\"_wpcf7_unit_tag\" value=\"wpcf7-f512-o1\" \/><input type=\"hidden\" name=\"_wpcf7_container_post\" value=\"0\" \/><input type=\"hidden\" name=\"_wpcf7_posted_data_hash\" value=\"\" \/>\n<\/fieldset>\n<div class=\"contact-form\">\n\t<div class=\"row\">\n\t\t<div class=\"col-sm-6 col-xs-12 input-container\">\n\t\t\t<p><label for=\"offer-name\" class=\"label\">Vorname *<\/label><br \/>\n<span class=\"wpcf7-form-control-wrap\" data-name=\"your-name\"><input size=\"40\" maxlength=\"400\" class=\"wpcf7-form-control wpcf7-text wpcf7-validates-as-required input\" id=\"offer-name\" aria-required=\"true\" aria-invalid=\"false\" placeholder=\"Vorname\" value=\"\" type=\"text\" name=\"your-name\" \/><\/span>\n\t\t\t<\/p>\n\t\t<\/div><!--col-->\n\t\t<div class=\"col-sm-6 col-xs-12 input-container\">\n\t\t\t<p><label for=\"offer-surname\" class=\"label\">Name *<\/label><br \/>\n<span class=\"wpcf7-form-control-wrap\" data-name=\"your-surname\"><input size=\"40\" maxlength=\"400\" class=\"wpcf7-form-control wpcf7-text wpcf7-validates-as-required input\" id=\"offer-surname\" aria-required=\"true\" aria-invalid=\"false\" placeholder=\"Name\" value=\"\" type=\"text\" name=\"your-surname\" \/><\/span>\n\t\t\t<\/p>\n\t\t<\/div><!--col-->\n\t\t<div class=\"col-sm-6 col-xs-12 input-container\">\n\t\t\t<p><label for=\"offer-function\" class=\"label\">Position<\/label><br \/>\n<span class=\"wpcf7-form-control-wrap\" data-name=\"your-function\"><input size=\"40\" maxlength=\"400\" class=\"wpcf7-form-control wpcf7-text input\" id=\"offer-function\" aria-invalid=\"false\" placeholder=\"Position\" value=\"\" type=\"text\" name=\"your-function\" \/><\/span>\n\t\t\t<\/p>\n\t\t<\/div><!--col-->\n\t\t<div class=\"col-sm-6 col-xs-12 input-container\">\n\t\t\t<p><label for=\"offer-company\" class=\"label\">Firma *<\/label><br \/>\n<span class=\"wpcf7-form-control-wrap\" data-name=\"your-company\"><input size=\"40\" maxlength=\"400\" class=\"wpcf7-form-control wpcf7-text wpcf7-validates-as-required input\" id=\"offer-company\" aria-required=\"true\" aria-invalid=\"false\" placeholder=\"Firma\" value=\"\" type=\"text\" name=\"your-company\" \/><\/span>\n\t\t\t<\/p>\n\t\t<\/div><!--col-->\n\t\t<div class=\"col-sm-6 col-xs-12 input-container\">\n\t\t\t<p><label for=\"offer-sector\" class=\"label\">Branche<\/label><br \/>\n<span class=\"wpcf7-form-control-wrap\" data-name=\"your-sector\"><input size=\"40\" maxlength=\"400\" class=\"wpcf7-form-control wpcf7-text input\" id=\"offer-sector\" aria-invalid=\"false\" placeholder=\"Branche\" value=\"\" type=\"text\" name=\"your-sector\" \/><\/span>\n\t\t\t<\/p>\n\t\t<\/div><!--col-->\n\t\t<div class=\"col-sm-6 col-xs-12 input-container\">\n\t\t\t<p><label for=\"offer-email\" class=\"label\">e-mail *<\/label><br \/>\n<span class=\"wpcf7-form-control-wrap\" data-name=\"your-email\"><input size=\"40\" maxlength=\"400\" class=\"wpcf7-form-control wpcf7-email wpcf7-validates-as-required wpcf7-text wpcf7-validates-as-email input\" id=\"offer-email\" aria-required=\"true\" aria-invalid=\"false\" placeholder=\"E-mail\" value=\"\" type=\"email\" name=\"your-email\" \/><\/span>\n\t\t\t<\/p>\n\t\t<\/div><!--col-->\n\t\t<div class=\"col-sm-6 col-xs-12 input-container\">\n\t\t\t<p><label for=\"offer-phone\" class=\"label\">Telefon *<\/label><br \/>\n<span class=\"wpcf7-form-control-wrap\" data-name=\"your-phone\"><input size=\"40\" maxlength=\"400\" class=\"wpcf7-form-control wpcf7-text wpcf7-validates-as-required input\" id=\"offer-phone\" aria-required=\"true\" aria-invalid=\"false\" placeholder=\"Telefon\" value=\"\" type=\"text\" name=\"your-phone\" \/><\/span>\n\t\t\t<\/p>\n\t\t<\/div><!--col-->\n\t\t<div class=\"col-sm-6 col-xs-12 input-container\">\n\t\t\t<p><label for=\"offer-fax\" class=\"label\">FAX<\/label><br \/>\n<span class=\"wpcf7-form-control-wrap\" data-name=\"your-fax\"><input size=\"40\" maxlength=\"400\" class=\"wpcf7-form-control wpcf7-text input\" id=\"offer-fax\" aria-invalid=\"false\" placeholder=\"Fax\" value=\"\" type=\"text\" name=\"your-fax\" \/><\/span>\n\t\t\t<\/p>\n\t\t<\/div><!--col-->\n\t\t<div class=\"col-xs-12 input-container\">\n\t\t\t<p><label for=\"offer-comment\" class=\"label\">Kommentare<\/label><br \/>\n<span class=\"wpcf7-form-control-wrap\" data-name=\"your-comment\"><textarea cols=\"40\" rows=\"10\" maxlength=\"2000\" class=\"wpcf7-form-control wpcf7-textarea textarea\" id=\"offer-comment\" aria-invalid=\"false\" placeholder=\"Kommentare\" name=\"your-comment\"><\/textarea><\/span>\n\t\t\t<\/p>\n\t\t<\/div><!--col-->\n\t\t<div class=\"col-xs-12 input-container\">\n\t\t\t<p><label class=\"label\">Ich interessiere mich f\u00fcr folgende Produkte *<\/label>\n\t\t\t<\/p>\n\t\t\t<div class=\"devis-check-wrap clearfix\">\n\t\t\t\t<p><span class=\"wpcf7-form-control-wrap\" data-name=\"offer-products\"><span class=\"wpcf7-form-control wpcf7-checkbox wpcf7-validates-as-required\"><span class=\"wpcf7-list-item first\"><label><input type=\"checkbox\" name=\"offer-products[]\" value=\"Im Prospektst\u00e4nder integrierte Plakate\" \/><span class=\"wpcf7-list-item-label\">Im Prospektst\u00e4nder integrierte Plakate<\/span><\/label><\/span><span class=\"wpcf7-list-item\"><label><input type=\"checkbox\" name=\"offer-products[]\" value=\"Plakate im Rahmen: Belgien, Flandern\" \/><span class=\"wpcf7-list-item-label\">Plakate im Rahmen: Belgien, Flandern<\/span><\/label><\/span><span class=\"wpcf7-list-item\"><label><input type=\"checkbox\" name=\"offer-products[]\" value=\"Plakate im Rahmen: Belgien, L\u00fcttich\" \/><span class=\"wpcf7-list-item-label\">Plakate im Rahmen: Belgien, L\u00fcttich<\/span><\/label><\/span><span class=\"wpcf7-list-item\"><label><input type=\"checkbox\" name=\"offer-products[]\" value=\"Plakate im Rahmen: Belgien, belgischer Teil Lothringens\" \/><span class=\"wpcf7-list-item-label\">Plakate im Rahmen: Belgien, belgischer Teil Lothringens<\/span><\/label><\/span><span class=\"wpcf7-list-item\"><label><input type=\"checkbox\" name=\"offer-products[]\" value=\"Plakate im Rahmen: Belgien, Namur\" \/><span class=\"wpcf7-list-item-label\">Plakate im Rahmen: Belgien, Namur<\/span><\/label><\/span><span class=\"wpcf7-list-item\"><label><input type=\"checkbox\" name=\"offer-products[]\" value=\"Verteilung von Kultur-Werbung in Wallonien, Hochschulen\" \/><span class=\"wpcf7-list-item-label\">Verteilung von Kultur-Werbung in Wallonien, Hochschulen<\/span><\/label><\/span><span class=\"wpcf7-list-item\"><label><input type=\"checkbox\" name=\"offer-products[]\" value=\"Verteilung von Kultur-Werbung in Belgien\" \/><span class=\"wpcf7-list-item-label\">Verteilung von Kultur-Werbung in Belgien<\/span><\/label><\/span><span class=\"wpcf7-list-item\"><label><input type=\"checkbox\" name=\"offer-products[]\" value=\"Plakate im Rahmen: Frankreich Meurthe\/Moselle\" \/><span class=\"wpcf7-list-item-label\">Plakate im Rahmen: Frankreich Meurthe\/Moselle<\/span><\/label><\/span><span class=\"wpcf7-list-item\"><label><input type=\"checkbox\" name=\"offer-products[]\" value=\"Verteilung von Kultur- und Tourismus-Werbung im franz\u00f6sischen Teil Lothringens (in den D\u00e9partements Moselle und Meurthe-et-Moselle)\" \/><span class=\"wpcf7-list-item-label\">Verteilung von Kultur- und Tourismus-Werbung im franz\u00f6sischen Teil Lothringens (in den D\u00e9partements Moselle und Meurthe-et-Moselle)<\/span><\/label><\/span><span class=\"wpcf7-list-item\"><label><input type=\"checkbox\" name=\"offer-products[]\" value=\"Verteilung an allen Verteil-Stationen in Flandern (G\u00eetes, Pensionen, Campingpl\u00e4tze und andere Unterk\u00fcnfte)\" \/><span class=\"wpcf7-list-item-label\">Verteilung an allen Verteil-Stationen in Flandern (G\u00eetes, Pensionen, Campingpl\u00e4tze und andere Unterk\u00fcnfte)<\/span><\/label><\/span><span class=\"wpcf7-list-item\"><label><input type=\"checkbox\" name=\"offer-products[]\" value=\"Visites Passion-Stationen im Gro\u00dfherzogtum Luxemburg\" \/><span class=\"wpcf7-list-item-label\">Visites Passion-Stationen im Gro\u00dfherzogtum Luxemburg<\/span><\/label><\/span><span class=\"wpcf7-list-item\"><label><input type=\"checkbox\" name=\"offer-products[]\" value=\"Verteilung an allen Verteil-Stationen in Wallonien (G\u00eetes, Pensionen, Campingpl\u00e4tze und andere Unterk\u00fcnfte)\" \/><span class=\"wpcf7-list-item-label\">Verteilung an allen Verteil-Stationen in Wallonien (G\u00eetes, Pensionen, Campingpl\u00e4tze und andere Unterk\u00fcnfte)<\/span><\/label><\/span><span class=\"wpcf7-list-item\"><label><input type=\"checkbox\" name=\"offer-products[]\" value=\"Visites Passion-Stationen in Frankreich (D\u00e9partement Meurthe-et-Moselle)\" \/><span class=\"wpcf7-list-item-label\">Visites Passion-Stationen in Frankreich (D\u00e9partement Meurthe-et-Moselle)<\/span><\/label><\/span><span class=\"wpcf7-list-item\"><label><input type=\"checkbox\" name=\"offer-products[]\" value=\"Verteil-Stationen Lux Exclusiv\" \/><span class=\"wpcf7-list-item-label\">Verteil-Stationen Lux Exclusiv<\/span><\/label><\/span><span class=\"wpcf7-list-item last\"><label><input type=\"checkbox\" name=\"offer-products[]\" value=\"Auslegen von Brosch\u00fcren\" \/><span class=\"wpcf7-list-item-label\">Auslegen von Brosch\u00fcren<\/span><\/label><\/span><\/span><\/span>\n\t\t\t\t<\/p>\n\t\t\t<\/div><!--devis-check-wrap-->\n\t\t<\/div><!--col-->\n\t\t<div class=\"col-xs-12 input-container\">\n\t\t\t<p><input class=\"wpcf7-form-control wpcf7-submit has-spinner button service-btn\" type=\"submit\" value=\"Senden\" \/>\n\t\t\t<\/p>\n\t\t<\/div>\n\t<\/div><!--row-->\n<\/div><!--contact-form--><div class=\"wpcf7-response-output\" aria-hidden=\"true\"><\/div>\n<\/form>\n<\/div>\n\n","protected":false},"excerpt":{"rendered":"","protected":false},"author":1,"featured_media":0,"parent":0,"menu_order":0,"comment_status":"open","ping_status":"open","template":"","meta":{"footnotes":""},"class_list":["post-803","page","type-page","status-publish","hentry"],"_links":{"self":[{"href":"https:\/\/www.ges.lu\/de\/wp-json\/wp\/v2\/pages\/803","targetHints":{"allow":["GET"]}}],"collection":[{"href":"https:\/\/www.ges.lu\/de\/wp-json\/wp\/v2\/pages"}],"about":[{"href":"https:\/\/www.ges.lu\/de\/wp-json\/wp\/v2\/types\/page"}],"author":[{"embeddable":true,"href":"https:\/\/www.ges.lu\/de\/wp-json\/wp\/v2\/users\/1"}],"replies":[{"embeddable":true,"href":"https:\/\/www.ges.lu\/de\/wp-json\/wp\/v2\/comments?post=803"}],"version-history":[{"count":0,"href":"https:\/\/www.ges.lu\/de\/wp-json\/wp\/v2\/pages\/803\/revisions"}],"wp:attachment":[{"href":"https:\/\/www.ges.lu\/de\/wp-json\/wp\/v2\/media?parent=803"}],"curies":[{"name":"wp","href":"https:\/\/api.w.org\/{rel}","templated":true}]}}