{"id":797,"date":"2015-05-19T20:44:10","date_gmt":"2015-05-19T19:44:10","guid":{"rendered":"https:\/\/www.ges.lu\/gehen-sie-aktiv-auf-ihre-kuenftigen-besucher-zu-bei-uns-finden-sie-die-ideale-unterstuetzung-fuer-eine-dynamische-verteilung-ihrer-tourismus-und-kultur-werbemittel\/"},"modified":"2015-05-19T20:44:10","modified_gmt":"2015-05-19T19:44:10","slug":"gehen-sie-aktiv-auf-ihre-kuenftigen-besucher-zu-bei-uns-finden-sie-die-ideale-unterstuetzung-fuer-eine-dynamische-verteilung-ihrer-tourismus-und-kultur-werbemittel","status":"publish","type":"page","link":"https:\/\/www.ges.lu\/de\/gehen-sie-aktiv-auf-ihre-kuenftigen-besucher-zu-bei-uns-finden-sie-die-ideale-unterstuetzung-fuer-eine-dynamische-verteilung-ihrer-tourismus-und-kultur-werbemittel\/","title":{"rendered":"Gehen Sie aktiv auf Ihre k\u00fcnftigen Besucher zu! Bei uns finden Sie die ideale Unterst\u00fctzung f\u00fcr eine dynamische Verteilung Ihrer Tourismus- und Kultur-Werbemittel."},"content":{"rendered":"<div class=\"post-inner\">\n<p>Seit 1998 ist GES als lokaler Dienstleister f\u00fcr Sie da. Unser Verteilsystem bietet Werbekunden und Besuchern viele Vorteile.<\/p>\n<ul>\n<li><strong>Einfach<\/strong><br \/>\nGES hat mehrere Netze aus Verteil-Stationen aufgebaut, die in erster Linie die Themenbereiche Tourismus und Kultur abdecken. In der Gro\u00dfregion sind an stark frequentierten Orten mehr als 1\u00a0500\u00a0Display-Systeme installiert. Die Systeme werden kostenlos in Hotels, Tankstellen, Touristinformationen, Museen, Theatern, Konzerthallen usw. aufgestellt. Sie pr\u00e4sentieren Flyer in den unterschiedlichsten Formaten, die entweder vom Werbekunden bereitgestellt oder von GES konzipiert und gedruckt werden. GES sorgt auch daf\u00fcr, dass die Systeme regelm\u00e4\u00dfig neu best\u00fcckt werden. Die Einrichtungen, in denen diese Display-Systeme aufgestellt werden, sch\u00e4tzen den kostenlosen und zweckm\u00e4\u00dfigen Service f\u00fcr ihre Kunden. <\/li>\n<li><strong>Wirksam<\/strong><br \/>\nGES garantiert die Werbewirksamkeit dadurch, dass alle Verteil-Stationen regelm\u00e4\u00dfig neu best\u00fcckt werden. Der Werbekunde w\u00e4hlt Zielgruppe, Zeitraum und geografischen Raum genau aus und kann sich so sicher sein, dass er sein Werbebudget bestm\u00f6glich nutzt und seine Kontaktkosten maximal senkt. <\/li>\n<li><strong>Rationell<\/strong><br \/>\nGES makes it possible to reduce significantly the quantity of documents to be supplied by the advertiser, whilst guaranteeing a permanent presence by having the regular storage of the displays replenished by our deliverymen-fillers at least twice a month.<\/li>\n<li><strong>Gut strukturiert<\/strong><br \/>\nGES schl\u00e4gt dem Werbekunden verschiedenartige, flexible L\u00f6sungen und sehr zielgerichtete Produkte vor, mit denen ein ganz spezielles Publikum im besten Augenblick gezielt erreicht werden kann. Durch die Kombination von zwei oder mehreren Verteilnetzen oder durch den Einsatz kombinierter L\u00f6sungen kann sich der Werbekunde sicher sein, dass er zu kontrollierten Kosten eine optimale Streuung erreicht.<\/li>\n<\/ul>\n<\/div><hr \/>\n<p><div class=\"post-inner\"><div class=\"col-1on2\"><img loading=\"lazy\" decoding=\"async\" class=\"wp-img\" class=\"alignnone size-full wp-image-246\" src=\"http:\/\/www.ges.lu\/wp-content\/uploads\/2015\/05\/VisitesPassion2.jpg\" alt=\"Visites Passion\" width=\"1094\" height=\"1094\" srcset=\"https:\/\/www.ges.lu\/wp-content\/uploads\/2015\/05\/VisitesPassion2.jpg 1094w, https:\/\/www.ges.lu\/wp-content\/uploads\/2015\/05\/VisitesPassion2-400x400.jpg 400w, https:\/\/www.ges.lu\/wp-content\/uploads\/2015\/05\/VisitesPassion2-750x750.jpg 750w, https:\/\/www.ges.lu\/wp-content\/uploads\/2015\/05\/VisitesPassion2-1024x1024.jpg 1024w\" sizes=\"auto, (max-width: 1094px) 100vw, 1094px\" \/><\/div><div class=\"post-inner\"><div class=\"col-1on2\"><img loading=\"lazy\" decoding=\"async\" class=\"wp-img\" class=\"alignnone size-full wp-image-248\" src=\"http:\/\/www.ges.lu\/wp-content\/uploads\/2015\/05\/M35_3.jpg\" alt=\"M35\" width=\"1094\" height=\"1094\" srcset=\"https:\/\/www.ges.lu\/wp-content\/uploads\/2015\/05\/M35_3.jpg 1094w, https:\/\/www.ges.lu\/wp-content\/uploads\/2015\/05\/M35_3-400x400.jpg 400w, https:\/\/www.ges.lu\/wp-content\/uploads\/2015\/05\/M35_3-750x750.jpg 750w, https:\/\/www.ges.lu\/wp-content\/uploads\/2015\/05\/M35_3-1024x1024.jpg 1024w\" sizes=\"auto, (max-width: 1094px) 100vw, 1094px\" \/><\/div><\/div><\/div><\/p>\n<div class=\"post-inner\"><div class=\"col-1on3\">\n<h2>Das gesamte System bietet Vorteile f\u00fcr Akteure im Tourismus- und Kultursektor:<\/h2>\n<\/div>\n<p><div class=\"col-2on3\"><strong>F\u00fcr den Werbekunden:<\/strong> Wirksame Werbung erreicht das richtige Publikum.<br \/>\n<strong>F\u00fcr den Besucher:<\/strong> Schneller und einfacher Zugang zu den Angeboten vor Ort und interessantere Gestaltung des Aufenthalts.<\/div><br \/>\n<div class=\"col-3on3\"><strong>F\u00fcr die touristische Einrichtung:<\/strong> Sie kann ihren Kunden einen zus\u00e4tzlichen Service und die M\u00f6glichkeit zur Verl\u00e4ngerung des Aufenthalts bieten.<\/div><\/p><\/div><hr \/>\n","protected":false},"excerpt":{"rendered":"","protected":false},"author":1,"featured_media":0,"parent":0,"menu_order":0,"comment_status":"open","ping_status":"open","template":"","meta":{"footnotes":""},"class_list":["post-797","page","type-page","status-publish","hentry"],"_links":{"self":[{"href":"https:\/\/www.ges.lu\/de\/wp-json\/wp\/v2\/pages\/797","targetHints":{"allow":["GET"]}}],"collection":[{"href":"https:\/\/www.ges.lu\/de\/wp-json\/wp\/v2\/pages"}],"about":[{"href":"https:\/\/www.ges.lu\/de\/wp-json\/wp\/v2\/types\/page"}],"author":[{"embeddable":true,"href":"https:\/\/www.ges.lu\/de\/wp-json\/wp\/v2\/users\/1"}],"replies":[{"embeddable":true,"href":"https:\/\/www.ges.lu\/de\/wp-json\/wp\/v2\/comments?post=797"}],"version-history":[{"count":0,"href":"https:\/\/www.ges.lu\/de\/wp-json\/wp\/v2\/pages\/797\/revisions"}],"wp:attachment":[{"href":"https:\/\/www.ges.lu\/de\/wp-json\/wp\/v2\/media?parent=797"}],"curies":[{"name":"wp","href":"https:\/\/api.w.org\/{rel}","templated":true}]}}